{"id":1625,"date":"2025-08-11T13:35:42","date_gmt":"2025-08-11T13:35:42","guid":{"rendered":"https:\/\/kinderpoolcity.com\/?page_id=1625"},"modified":"2025-08-11T13:54:27","modified_gmt":"2025-08-11T13:54:27","slug":"mentions-legales","status":"publish","type":"page","link":"https:\/\/kinderpoolcity.com\/nl\/mentions-legales\/","title":{"rendered":"Privacybeleid"},"content":{"rendered":"\n<p><strong>Derni\u00e8re mise \u00e0 jour : <\/strong>11\/08\/2025<\/p>\n\n\n\n<hr class=\"wp-block-separator has-alpha-channel-opacity\"\/>\n\n\n\n<h3 class=\"wp-block-heading\">1. <strong>\u00c9diteur du site<\/strong><\/h3>\n\n\n\n<p>Le site <strong>KinderPool City FC<\/strong> est \u00e9dit\u00e9 par :<br><strong>Nom du club<\/strong> : KinderPool City FC<br><strong>Statut juridique<\/strong> : ASBL<br><strong>Num\u00e9ro SIREN\/SIRET<\/strong> : BE1005.874.756<br><strong>Adresse<\/strong> : Rue van Kalck 93,1080\u00a0Bruxelles<br><strong>T\u00e9l\u00e9phone<\/strong> : <a href=\"callto:+32 484 96 01 75\">+32 484 96 01 75<\/a><br><strong>E-mail<\/strong> : <a href=\"mailto:Kinderpoolteamsupp@hotmail.com\">Kinderpoolteamsupp@hotmail.com<\/a><\/p>\n\n\n\n<hr class=\"wp-block-separator has-alpha-channel-opacity\"\/>\n\n\n\n<h3 class=\"wp-block-heading\">2. <strong>Directeur de publication<\/strong><\/h3>\n\n\n\n<p><strong>Nom et pr\u00e9nom<\/strong> : Dongosi libala Aristote<br><strong>Fonction<\/strong> : directeur<\/p>\n\n\n\n<hr class=\"wp-block-separator has-alpha-channel-opacity\"\/>\n\n\n\n<h3 class=\"wp-block-heading\">3. <strong>H\u00e9bergement<\/strong><\/h3>\n\n\n\n<p><strong>H\u00e9bergeur<\/strong> : Hostinger International Ltd.<br><strong>Adresse<\/strong> : 61 Lordou Vironos Street, 6023 Larnaca, Chypre<br><strong>Site web<\/strong> : <a>https:\/\/www.hostinger.fr<\/a><br><strong>T\u00e9l\u00e9phone<\/strong> : +370 645 03378<\/p>\n\n\n\n<p><\/p>\n\n\n\n<hr class=\"wp-block-separator has-alpha-channel-opacity\"\/>\n\n\n\n<h3 class=\"wp-block-heading\">4. <strong>Propri\u00e9t\u00e9 intellectuelle<\/strong><\/h3>\n\n\n\n<p>L\u2019ensemble des contenus (textes, images, photos, vid\u00e9os, logos, etc.) pr\u00e9sents sur ce site sont la propri\u00e9t\u00e9 exclusive de <strong>KinderPool City FC<\/strong> ou font l\u2019objet d\u2019une autorisation d\u2019utilisation.<br>Toute reproduction, distribution ou modification, m\u00eame partielle, est interdite sans l\u2019accord \u00e9crit pr\u00e9alable du club.<\/p>\n\n\n\n<hr class=\"wp-block-separator has-alpha-channel-opacity\"\/>\n\n\n\n<h3 class=\"wp-block-heading\">5. <strong>Responsabilit\u00e9<\/strong><\/h3>\n\n\n\n<p>Le club s\u2019efforce d\u2019assurer l\u2019exactitude et la mise \u00e0 jour des informations diffus\u00e9es sur ce site. Toutefois, il ne peut garantir l\u2019exactitude, la pr\u00e9cision ou l\u2019exhaustivit\u00e9 des informations mises \u00e0 disposition.<br>En cons\u00e9quence, <strong>KinderPool City FC<\/strong> d\u00e9cline toute responsabilit\u00e9 en cas d\u2019inexactitude, d\u2019omission ou de modification des informations disponibles sur le site.<\/p>\n\n\n\n<hr class=\"wp-block-separator has-alpha-channel-opacity\"\/>\n\n\n\n<h3 class=\"wp-block-heading\">6. <strong>Vente en ligne<\/strong><\/h3>\n\n\n\n<p>Les produits vendus sur le site sont propos\u00e9s dans la limite des stocks disponibles.<br>Les conditions g\u00e9n\u00e9rales de vente (CGV) pr\u00e9cisent les modalit\u00e9s de commande, de paiement, de livraison et de retour.<\/p>\n\n\n\n<hr class=\"wp-block-separator has-alpha-channel-opacity\"\/>\n\n\n\n<h3 class=\"wp-block-heading\">7. <strong>Dons en ligne<\/strong><\/h3>\n\n\n\n<p>Les dons effectu\u00e9s sur le site sont trait\u00e9s via des prestataires s\u00e9curis\u00e9s. Le club ne conserve pas vos coordonn\u00e9es bancaires compl\u00e8tes.<\/p>\n\n\n\n<hr class=\"wp-block-separator has-alpha-channel-opacity\"\/>\n\n\n\n<h3 class=\"wp-block-heading\">8. <strong>Protection des donn\u00e9es personnelles<\/strong><\/h3>\n\n\n\n<p>Le traitement des donn\u00e9es personnelles est r\u00e9gi par notre <strong>Politique de Confidentialit\u00e9<\/strong>, accessible [ici] (mettre lien).<br>Conform\u00e9ment au <strong>RGPD<\/strong>, vous disposez d\u2019un droit d\u2019acc\u00e8s, de rectification, de suppression et d\u2019opposition concernant vos donn\u00e9es personnelles, en \u00e9crivant \u00e0 <strong><a href=\"mailto:Kinderpoolteamsupp@hotmail.com\">Kinderpoolteamsupp@hotmail.com<\/a><\/strong>.<\/p>\n\n\n\n<hr class=\"wp-block-separator has-alpha-channel-opacity\"\/>\n\n\n\n<h3 class=\"wp-block-heading\">9. <strong>Cookies<\/strong><\/h3>\n\n\n\n<p>Le site utilise des cookies pour am\u00e9liorer la navigation et analyser le trafic.<br>Vous pouvez configurer votre navigateur pour refuser ou accepter les cookies.<\/p>\n\n\n\n<hr class=\"wp-block-separator has-alpha-channel-opacity\"\/>\n\n\n\n<h3 class=\"wp-block-heading\">10. <strong>Droit applicable<\/strong><\/h3>\n\n\n\n<p>Les pr\u00e9sentes mentions l\u00e9gales sont r\u00e9gies par le droit fran\u00e7ais.<br>En cas de litige, et apr\u00e8s tentative de recherche d\u2019une solution amiable, les tribunaux fran\u00e7ais seront seuls comp\u00e9tents.<\/p>\n\n\n\n<p>\ud83d\udccc <strong>Contact<\/strong> :<br>KinderPool City FC<br>Rue van Kalck 93,1080\u00a0Bruxelles<\/p>\n\n\n\n<p>Email : <a href=\"mailto:Kinderpoolteamsupp@hotmail.com\">Kinderpoolteamsupp@hotmail.com<\/a><\/p>\n\n\n\n<p><\/p>\n","protected":false},"excerpt":{"rendered":"<p>Derni\u00e8re mise \u00e0 jour : 11\/08\/2025 1. \u00c9diteur du site Le site KinderPool City FC est \u00e9dit\u00e9 par :Nom du club : KinderPool City FCStatut juridique : ASBLNum\u00e9ro SIREN\/SIRET : BE1005.874.756Adresse : Rue van Kalck 93,1080\u00a0BruxellesT\u00e9l\u00e9phone : +32 484 96 01 75E-mail : Kinderpoolteamsupp@hotmail.com 2. Directeur de publication Nom et pr\u00e9nom : Dongosi libala AristoteFonction [&hellip;]<\/p>\n","protected":false},"author":4,"featured_media":0,"parent":0,"menu_order":0,"comment_status":"closed","ping_status":"closed","template":"","meta":{"give_campaign_id":0,"footnotes":""},"class_list":["post-1625","page","type-page","status-publish","hentry"],"campaignId":"","_links":{"self":[{"href":"https:\/\/kinderpoolcity.com\/nl\/wp-json\/wp\/v2\/pages\/1625","targetHints":{"allow":["GET"]}}],"collection":[{"href":"https:\/\/kinderpoolcity.com\/nl\/wp-json\/wp\/v2\/pages"}],"about":[{"href":"https:\/\/kinderpoolcity.com\/nl\/wp-json\/wp\/v2\/types\/page"}],"author":[{"embeddable":true,"href":"https:\/\/kinderpoolcity.com\/nl\/wp-json\/wp\/v2\/users\/4"}],"replies":[{"embeddable":true,"href":"https:\/\/kinderpoolcity.com\/nl\/wp-json\/wp\/v2\/comments?post=1625"}],"version-history":[{"count":0,"href":"https:\/\/kinderpoolcity.com\/nl\/wp-json\/wp\/v2\/pages\/1625\/revisions"}],"wp:attachment":[{"href":"https:\/\/kinderpoolcity.com\/nl\/wp-json\/wp\/v2\/media?parent=1625"}],"curies":[{"name":"wp","href":"https:\/\/api.w.org\/{rel}","templated":true}]}}