{"id":537,"date":"2025-03-30T15:45:00","date_gmt":"2025-03-30T15:45:00","guid":{"rendered":"https:\/\/kinderpoolcity.com\/?page_id=537"},"modified":"2025-06-10T21:33:27","modified_gmt":"2025-06-10T21:33:27","slug":"donations","status":"publish","type":"page","link":"https:\/\/kinderpoolcity.com\/nl\/donations\/","title":{"rendered":"Donaties"},"content":{"rendered":"\t\t<div data-elementor-type=\"wp-page\" data-elementor-id=\"537\" class=\"elementor elementor-537\">\n\t\t\t\t<div class=\"elementor-element elementor-element-e382b9d e-flex e-con-boxed e-con e-parent\" data-id=\"e382b9d\" data-element_type=\"container\" data-e-type=\"container\" data-settings=\"{&quot;background_background&quot;:&quot;classic&quot;}\">\n\t\t\t\t\t<div class=\"e-con-inner\">\n\t\t\t\t<div class=\"elementor-element elementor-element-a14ce2e elementor-view-default elementor-widget elementor-widget-icon\" data-id=\"a14ce2e\" data-element_type=\"widget\" data-e-type=\"widget\" data-widget_type=\"icon.default\">\n\t\t\t\t<div class=\"elementor-widget-container\">\n\t\t\t\t\t\t\t<div class=\"elementor-icon-wrapper\">\n\t\t\t<div class=\"elementor-icon\">\n\t\t\t<svg aria-hidden=\"true\" class=\"e-font-icon-svg e-far-heart\" viewBox=\"0 0 512 512\" xmlns=\"http:\/\/www.w3.org\/2000\/svg\"><path d=\"M458.4 64.3C400.6 15.7 311.3 23 256 79.3 200.7 23 111.4 15.6 53.6 64.3-21.6 127.6-10.6 230.8 43 285.5l175.4 178.7c10 10.2 23.4 15.9 37.6 15.9 14.3 0 27.6-5.6 37.6-15.8L469 285.6c53.5-54.7 64.7-157.9-10.6-221.3zm-23.6 187.5L259.4 430.5c-2.4 2.4-4.4 2.4-6.8 0L77.2 251.8c-36.5-37.2-43.9-107.6 7.3-150.7 38.9-32.7 98.9-27.8 136.5 10.5l35 35.7 35-35.7c37.8-38.5 97.8-43.2 136.5-10.6 51.1 43.1 43.5 113.9 7.3 150.8z\"><\/path><\/svg>\t\t\t<\/div>\n\t\t<\/div>\n\t\t\t\t\t\t<\/div>\n\t\t\t\t<\/div>\n\t\t\t\t<div class=\"elementor-element elementor-element-c16664c elementor-widget elementor-widget-heading\" data-id=\"c16664c\" data-element_type=\"widget\" data-e-type=\"widget\" data-widget_type=\"heading.default\">\n\t\t\t\t<div class=\"elementor-widget-container\">\n\t\t\t\t\t<h2 class=\"elementor-heading-title elementor-size-default\">Soutenez KinderPool City FC<\/h2>\t\t\t\t<\/div>\n\t\t\t\t<\/div>\n\t\t\t\t<div class=\"elementor-element elementor-element-ee72e7d elementor-widget elementor-widget-text-editor\" data-id=\"ee72e7d\" data-element_type=\"widget\" data-e-type=\"widget\" data-widget_type=\"text-editor.default\">\n\t\t\t\t<div class=\"elementor-widget-container\">\n\t\t\t\t\t\t\t\t\t<p>Votre soutien nous permet de d\u00e9velopper le club, d&rsquo;am\u00e9liorer nos infrastructures et d&rsquo;offrir un<\/p><p>encadrement de qualit\u00e9 \u00e0 nos jeunes joueurs.<\/p>\t\t\t\t\t\t\t\t<\/div>\n\t\t\t\t<\/div>\n\t\t\t\t<div class=\"elementor-element elementor-element-cb290d4 elementor-align-center elementor-widget elementor-widget-button\" data-id=\"cb290d4\" data-element_type=\"widget\" data-e-type=\"widget\" data-widget_type=\"button.default\">\n\t\t\t\t<div class=\"elementor-widget-container\">\n\t\t\t\t\t\t\t\t\t<div class=\"elementor-button-wrapper\">\n\t\t\t\t\t<a class=\"elementor-button elementor-button-link elementor-size-sm\" href=\"#Dons\">\n\t\t\t\t\t\t<span class=\"elementor-button-content-wrapper\">\n\t\t\t\t\t\t\t\t\t<span class=\"elementor-button-text\">Faire un don maintenant<\/span>\n\t\t\t\t\t<\/span>\n\t\t\t\t\t<\/a>\n\t\t\t\t<\/div>\n\t\t\t\t\t\t\t\t<\/div>\n\t\t\t\t<\/div>\n\t\t\t\t\t<\/div>\n\t\t\t\t<\/div>\n\t\t<div class=\"elementor-element elementor-element-37d3e1f e-flex e-con-boxed e-con e-parent\" data-id=\"37d3e1f\" data-element_type=\"container\" data-e-type=\"container\">\n\t\t\t\t\t<div class=\"e-con-inner\">\n\t\t\t\t<div class=\"elementor-element elementor-element-faf06e8 elementor-widget elementor-widget-heading\" data-id=\"faf06e8\" data-element_type=\"widget\" data-e-type=\"widget\" data-widget_type=\"heading.default\">\n\t\t\t\t<div class=\"elementor-widget-container\">\n\t\t\t\t\t<h2 class=\"elementor-heading-title elementor-size-default\">Votre impact<\/h2>\t\t\t\t<\/div>\n\t\t\t\t<\/div>\n\t\t\t\t<div class=\"elementor-element elementor-element-b982429 elementor-widget__width-initial elementor-widget-divider--view-line elementor-widget elementor-widget-divider\" data-id=\"b982429\" data-element_type=\"widget\" data-e-type=\"widget\" data-widget_type=\"divider.default\">\n\t\t\t\t<div class=\"elementor-widget-container\">\n\t\t\t\t\t\t\t<div class=\"elementor-divider\">\n\t\t\t<span class=\"elementor-divider-separator\">\n\t\t\t\t\t\t<\/span>\n\t\t<\/div>\n\t\t\t\t\t\t<\/div>\n\t\t\t\t<\/div>\n\t\t\t\t<div class=\"elementor-element elementor-element-4287d21 elementor-widget elementor-widget-text-editor\" data-id=\"4287d21\" data-element_type=\"widget\" data-e-type=\"widget\" data-widget_type=\"text-editor.default\">\n\t\t\t\t<div class=\"elementor-widget-container\">\n\t\t\t\t\t\t\t\t\t<p>D\u00e9couvrez comment vos dons nous aident \u00e0 atteindre nos objectifs et \u00e0 am\u00e9liorer l&rsquo;exp\u00e9rience<\/p><p>de nos jeunes joueurs.<\/p>\t\t\t\t\t\t\t\t<\/div>\n\t\t\t\t<\/div>\n\t\t\t\t\t<\/div>\n\t\t\t\t<\/div>\n\t\t<div class=\"elementor-element elementor-element-f1fa4c8 e-flex e-con-boxed e-con e-parent\" data-id=\"f1fa4c8\" data-element_type=\"container\" data-e-type=\"container\">\n\t\t\t\t\t<div class=\"e-con-inner\">\n\t\t\t\t<div class=\"elementor-element elementor-element-8465920 elementor-widget elementor-widget-menu-anchor\" data-id=\"8465920\" data-element_type=\"widget\" data-e-type=\"widget\" data-widget_type=\"menu-anchor.default\">\n\t\t\t\t<div class=\"elementor-widget-container\">\n\t\t\t\t\t\t\t<div class=\"elementor-menu-anchor\" id=\"Dons\"><\/div>\n\t\t\t\t\t\t<\/div>\n\t\t\t\t<\/div>\n\t\t\t\t<div class=\"elementor-element elementor-element-204cfb3 elementor-widget elementor-widget-wp-widget-give_forms_widget\" data-id=\"204cfb3\" data-element_type=\"widget\" data-e-type=\"widget\" data-widget_type=\"wp-widget-give_forms_widget.default\">\n\t\t\t\t<div class=\"elementor-widget-container\">\n\t\t\t\t\t<div class='root-data-givewp-embed' data-form-locale='nl_BE' data-form-url='https:\/\/kinderpoolcity.com\/?post_type=give_forms&amp;p=534' data-form-view-url='https:\/\/kinderpoolcity.com\/nl\/?givewp-route=donation-form-view&amp;form-id=534' data-src='https:\/\/kinderpoolcity.com\/nl\/?givewp-route=donation-form-view&amp;form-id=534' data-givewp-embed-id='give-form-shortcode-1' data-form-format='onpage' data-open-form-button='Continue' style='--givewp-primary-color: #e63746; --givewp-secondary-color: #f49420;'><\/div>\t\t\t\t<\/div>\n\t\t\t\t<\/div>\n\t\t\t\t\t<\/div>\n\t\t\t\t<\/div>\n\t\t<div class=\"elementor-element elementor-element-a433a19 e-flex e-con-boxed e-con e-parent\" data-id=\"a433a19\" data-element_type=\"container\" data-e-type=\"container\">\n\t\t\t\t\t<div class=\"e-con-inner\">\n\t\t\t\t<div class=\"elementor-element elementor-element-fdf5bb2 elementor-widget elementor-widget-heading\" data-id=\"fdf5bb2\" data-element_type=\"widget\" data-e-type=\"widget\" data-widget_type=\"heading.default\">\n\t\t\t\t<div class=\"elementor-widget-container\">\n\t\t\t\t\t<h2 class=\"elementor-heading-title elementor-size-default\">Questions fr\u00e9quentes<\/h2>\t\t\t\t<\/div>\n\t\t\t\t<\/div>\n\t\t\t\t<div class=\"elementor-element elementor-element-07d4c34 elementor-widget__width-initial elementor-widget-divider--view-line elementor-widget elementor-widget-divider\" data-id=\"07d4c34\" data-element_type=\"widget\" data-e-type=\"widget\" data-widget_type=\"divider.default\">\n\t\t\t\t<div class=\"elementor-widget-container\">\n\t\t\t\t\t\t\t<div class=\"elementor-divider\">\n\t\t\t<span class=\"elementor-divider-separator\">\n\t\t\t\t\t\t<\/span>\n\t\t<\/div>\n\t\t\t\t\t\t<\/div>\n\t\t\t\t<\/div>\n\t\t\t\t<div class=\"elementor-element elementor-element-7bc7801 elementor-widget elementor-widget-text-editor\" data-id=\"7bc7801\" data-element_type=\"widget\" data-e-type=\"widget\" data-widget_type=\"text-editor.default\">\n\t\t\t\t<div class=\"elementor-widget-container\">\n\t\t\t\t\t\t\t\t\t<p>Tout ce que vous devez savoir sur les dons et le soutien au club.<\/p>\t\t\t\t\t\t\t\t<\/div>\n\t\t\t\t<\/div>\n\t\t\t\t<div class=\"elementor-element elementor-element-a38509a elementor-widget-tablet__width-initial elementor-widget elementor-widget-n-accordion\" data-id=\"a38509a\" data-element_type=\"widget\" data-e-type=\"widget\" data-settings=\"{&quot;n_accordion_animation_duration&quot;:{&quot;unit&quot;:&quot;ms&quot;,&quot;size&quot;:100,&quot;sizes&quot;:[]},&quot;default_state&quot;:&quot;expanded&quot;,&quot;max_items_expended&quot;:&quot;one&quot;}\" data-widget_type=\"nested-accordion.default\">\n\t\t\t\t<div class=\"elementor-widget-container\">\n\t\t\t\t\t\t\t<div class=\"e-n-accordion\" aria-label=\"Accordion. Open links with Enter or Space, close with Escape, and navigate with Arrow Keys\">\n\t\t\t\t\t\t<details id=\"e-n-accordion-item-1710\" class=\"e-n-accordion-item\" open>\n\t\t\t\t<summary class=\"e-n-accordion-item-title\" data-accordion-index=\"1\" tabindex=\"0\" aria-expanded=\"true\" aria-controls=\"e-n-accordion-item-1710\" >\n\t\t\t\t\t<span class='e-n-accordion-item-title-header'><div class=\"e-n-accordion-item-title-text\"> Comment sont utilis\u00e9s les dons ? <\/div><\/span>\n\t\t\t\t\t\t\t\t\t<\/summary>\n\t\t\t\t<div role=\"region\" aria-labelledby=\"e-n-accordion-item-1710\" class=\"elementor-element elementor-element-ede8af0 e-con-full e-flex e-con e-child\" data-id=\"ede8af0\" data-element_type=\"container\" data-e-type=\"container\">\n\t\t\t\t<div class=\"elementor-element elementor-element-f6f15e3 elementor-widget elementor-widget-text-editor\" data-id=\"f6f15e3\" data-element_type=\"widget\" data-e-type=\"widget\" data-widget_type=\"text-editor.default\">\n\t\t\t\t<div class=\"elementor-widget-container\">\n\t\t\t\t\t\t\t\t\t<p>Les dons sont utilis\u00e9s pour financer l&rsquo;achat d&rsquo;\u00e9quipements sportifs, la formation des entra\u00eeneurs, l&rsquo;organisation de tournois, l&rsquo;am\u00e9lioration des infrastructures et l&rsquo;attribution de bourses sportives pour les jeunes talents.<\/p>\t\t\t\t\t\t\t\t<\/div>\n\t\t\t\t<\/div>\n\t\t\t\t<\/div>\n\t\t\t\t\t<\/details>\n\t\t\t\t\t\t<details id=\"e-n-accordion-item-1711\" class=\"e-n-accordion-item\" >\n\t\t\t\t<summary class=\"e-n-accordion-item-title\" data-accordion-index=\"2\" tabindex=\"-1\" aria-expanded=\"false\" aria-controls=\"e-n-accordion-item-1711\" >\n\t\t\t\t\t<span class='e-n-accordion-item-title-header'><div class=\"e-n-accordion-item-title-text\"> Les dons sont-ils d\u00e9ductibles des imp\u00f4ts ? <\/div><\/span>\n\t\t\t\t\t\t\t\t\t<\/summary>\n\t\t\t\t<div role=\"region\" aria-labelledby=\"e-n-accordion-item-1711\" class=\"elementor-element elementor-element-5adc3a2 e-con-full e-flex e-con e-child\" data-id=\"5adc3a2\" data-element_type=\"container\" data-e-type=\"container\">\n\t\t\t\t<div class=\"elementor-element elementor-element-feee726 elementor-widget elementor-widget-text-editor\" data-id=\"feee726\" data-element_type=\"widget\" data-e-type=\"widget\" data-widget_type=\"text-editor.default\">\n\t\t\t\t<div class=\"elementor-widget-container\">\n\t\t\t\t\t\t\t\t\t<p>Oui, en tant qu&rsquo;association sportive reconnue, vos dons \u00e0 KinderPool City FC sont d\u00e9ductibles des imp\u00f4ts \u00e0 hauteur de 66% dans la limite de 20% de votre revenu imposable.<\/p>\t\t\t\t\t\t\t\t<\/div>\n\t\t\t\t<\/div>\n\t\t\t\t<\/div>\n\t\t\t\t\t<\/details>\n\t\t\t\t\t\t<details id=\"e-n-accordion-item-1712\" class=\"e-n-accordion-item\" >\n\t\t\t\t<summary class=\"e-n-accordion-item-title\" data-accordion-index=\"3\" tabindex=\"-1\" aria-expanded=\"false\" aria-controls=\"e-n-accordion-item-1712\" >\n\t\t\t\t\t<span class='e-n-accordion-item-title-header'><div class=\"e-n-accordion-item-title-text\"> Puis-je choisir \u00e0 quoi servira mon don ? <\/div><\/span>\n\t\t\t\t\t\t\t\t\t<\/summary>\n\t\t\t\t<div role=\"region\" aria-labelledby=\"e-n-accordion-item-1712\" class=\"elementor-element elementor-element-f4ca188 e-con-full e-flex e-con e-child\" data-id=\"f4ca188\" data-element_type=\"container\" data-e-type=\"container\">\n\t\t\t\t<div class=\"elementor-element elementor-element-d0490fe elementor-widget elementor-widget-text-editor\" data-id=\"d0490fe\" data-element_type=\"widget\" data-e-type=\"widget\" data-widget_type=\"text-editor.default\">\n\t\t\t\t<div class=\"elementor-widget-container\">\n\t\t\t\t\t\t\t\t\t<p>Absolument ! Vous pouvez sp\u00e9cifier le projet que vous souhaitez soutenir lors de votre don. Si vous ne faites pas de choix sp\u00e9cifique, votre don sera allou\u00e9 l\u00e0 o\u00f9 les besoins sont les plus urgents.<\/p>\t\t\t\t\t\t\t\t<\/div>\n\t\t\t\t<\/div>\n\t\t\t\t<\/div>\n\t\t\t\t\t<\/details>\n\t\t\t\t\t\t<details id=\"e-n-accordion-item-1713\" class=\"e-n-accordion-item\" >\n\t\t\t\t<summary class=\"e-n-accordion-item-title\" data-accordion-index=\"4\" tabindex=\"-1\" aria-expanded=\"false\" aria-controls=\"e-n-accordion-item-1713\" >\n\t\t\t\t\t<span class='e-n-accordion-item-title-header'><div class=\"e-n-accordion-item-title-text\"> Comment puis-je devenir donateur r\u00e9gulier ? <\/div><\/span>\n\t\t\t\t\t\t\t\t\t<\/summary>\n\t\t\t\t<div role=\"region\" aria-labelledby=\"e-n-accordion-item-1713\" class=\"elementor-element elementor-element-aaea9d2 e-flex e-con-boxed e-con e-child\" data-id=\"aaea9d2\" data-element_type=\"container\" data-e-type=\"container\">\n\t\t\t\t\t<div class=\"e-con-inner\">\n\t\t\t\t<div class=\"elementor-element elementor-element-6007404 elementor-widget elementor-widget-text-editor\" data-id=\"6007404\" data-element_type=\"widget\" data-e-type=\"widget\" data-widget_type=\"text-editor.default\">\n\t\t\t\t<div class=\"elementor-widget-container\">\n\t\t\t\t\t\t\t\t\t<p>Pour devenir donateur r\u00e9gulier, il vous suffit de choisir l&rsquo;option &lsquo;Soutien r\u00e9gulier&rsquo; et de configurer un pr\u00e9l\u00e8vement mensuel du montant de votre choix.<\/p>\t\t\t\t\t\t\t\t<\/div>\n\t\t\t\t<\/div>\n\t\t\t\t\t<\/div>\n\t\t\t\t<\/div>\n\t\t\t\t\t<\/details>\n\t\t\t\t\t<\/div>\n\t\t\t\t\t<script type=\"application\/ld+json\">{\"@context\":\"https:\\\/\\\/schema.org\",\"@type\":\"FAQPage\",\"mainEntity\":[{\"@type\":\"Question\",\"name\":\"Comment sont utilis\\u00e9s les dons ?\",\"acceptedAnswer\":{\"@type\":\"Answer\",\"text\":\"Les dons sont utilis\\u00e9s pour financer l&rsquo;achat d&rsquo;\\u00e9quipements sportifs, la formation des entra\\u00eeneurs, l&rsquo;organisation de tournois, l&rsquo;am\\u00e9lioration des infrastructures et l&rsquo;attribution de bourses sportives pour les jeunes talents.\"}},{\"@type\":\"Question\",\"name\":\"Les dons sont-ils d\\u00e9ductibles des imp\\u00f4ts ?\",\"acceptedAnswer\":{\"@type\":\"Answer\",\"text\":\"Oui, en tant qu&rsquo;association sportive reconnue, vos dons \\u00e0 KinderPool City FC sont d\\u00e9ductibles des imp\\u00f4ts \\u00e0 hauteur de 66% dans la limite de 20% de votre revenu imposable.\"}},{\"@type\":\"Question\",\"name\":\"Puis-je choisir \\u00e0 quoi servira mon don ?\",\"acceptedAnswer\":{\"@type\":\"Answer\",\"text\":\"Absolument ! Vous pouvez sp\\u00e9cifier le projet que vous souhaitez soutenir lors de votre don. Si vous ne faites pas de choix sp\\u00e9cifique, votre don sera allou\\u00e9 l\\u00e0 o\\u00f9 les besoins sont les plus urgents.\"}},{\"@type\":\"Question\",\"name\":\"Comment puis-je devenir donateur r\\u00e9gulier ?\",\"acceptedAnswer\":{\"@type\":\"Answer\",\"text\":\"Pour devenir donateur r\\u00e9gulier, il vous suffit de choisir l&rsquo;option &lsquo;Soutien r\\u00e9gulier&rsquo; et de configurer un pr\\u00e9l\\u00e8vement mensuel du montant de votre choix.\"}}]}<\/script>\n\t\t\t\t\t\t\t<\/div>\n\t\t\t\t<\/div>\n\t\t\t\t\t<\/div>\n\t\t\t\t<\/div>\n\t\t<div class=\"elementor-element elementor-element-cd93148 e-flex e-con-boxed e-con e-parent\" data-id=\"cd93148\" data-element_type=\"container\" data-e-type=\"container\" data-settings=\"{&quot;background_background&quot;:&quot;classic&quot;}\">\n\t\t\t\t\t<div class=\"e-con-inner\">\n\t\t\t\t<div class=\"elementor-element elementor-element-6550fa7 elementor-widget elementor-widget-heading\" data-id=\"6550fa7\" data-element_type=\"widget\" data-e-type=\"widget\" data-widget_type=\"heading.default\">\n\t\t\t\t<div class=\"elementor-widget-container\">\n\t\t\t\t\t<h2 class=\"elementor-heading-title elementor-size-default\">Pr\u00eat \u00e0 faire la diff\u00e9rence ?<\/h2>\t\t\t\t<\/div>\n\t\t\t\t<\/div>\n\t\t\t\t<div class=\"elementor-element elementor-element-d701721 elementor-widget elementor-widget-text-editor\" data-id=\"d701721\" data-element_type=\"widget\" data-e-type=\"widget\" data-widget_type=\"text-editor.default\">\n\t\t\t\t<div class=\"elementor-widget-container\">\n\t\t\t\t\t\t\t\t\t<p>Votre soutien, quel qu&rsquo;il soit, est pr\u00e9cieux pour nous aider \u00e0 former les champions de demain et \u00e0 offrir un environnement d&rsquo;apprentissage de qualit\u00e9 \u00e0 nos jeunes joueurs.<\/p>\t\t\t\t\t\t\t\t<\/div>\n\t\t\t\t<\/div>\n\t\t<div class=\"elementor-element elementor-element-cb3b1e1 e-grid e-con-full e-con e-child\" data-id=\"cb3b1e1\" data-element_type=\"container\" data-e-type=\"container\">\n\t\t\t\t<div class=\"elementor-element elementor-element-d83fbb9 elementor-align-right elementor-widget elementor-widget-button\" data-id=\"d83fbb9\" data-element_type=\"widget\" data-e-type=\"widget\" data-widget_type=\"button.default\">\n\t\t\t\t<div class=\"elementor-widget-container\">\n\t\t\t\t\t\t\t\t\t<div class=\"elementor-button-wrapper\">\n\t\t\t\t\t<a class=\"elementor-button elementor-button-link elementor-size-sm\" href=\"https:\/\/kinderpoolcity.com\/donations\/?currency=eur\">\n\t\t\t\t\t\t<span class=\"elementor-button-content-wrapper\">\n\t\t\t\t\t\t<span class=\"elementor-button-icon\">\n\t\t\t\t<svg aria-hidden=\"true\" class=\"e-font-icon-svg e-fas-arrow-right\" viewBox=\"0 0 448 512\" xmlns=\"http:\/\/www.w3.org\/2000\/svg\"><path d=\"M190.5 66.9l22.2-22.2c9.4-9.4 24.6-9.4 33.9 0L441 239c9.4 9.4 9.4 24.6 0 33.9L246.6 467.3c-9.4 9.4-24.6 9.4-33.9 0l-22.2-22.2c-9.5-9.5-9.3-25 .4-34.3L311.4 296H24c-13.3 0-24-10.7-24-24v-32c0-13.3 10.7-24 24-24h287.4L190.9 101.2c-9.8-9.3-10-24.8-.4-34.3z\"><\/path><\/svg>\t\t\t<\/span>\n\t\t\t\t\t\t\t\t\t<span class=\"elementor-button-text\">Faire un don maintenant <\/span>\n\t\t\t\t\t<\/span>\n\t\t\t\t\t<\/a>\n\t\t\t\t<\/div>\n\t\t\t\t\t\t\t\t<\/div>\n\t\t\t\t<\/div>\n\t\t\t\t<div class=\"elementor-element elementor-element-b14ce6f elementor-align-left elementor-widget elementor-widget-button\" data-id=\"b14ce6f\" data-element_type=\"widget\" data-e-type=\"widget\" data-widget_type=\"button.default\">\n\t\t\t\t<div class=\"elementor-widget-container\">\n\t\t\t\t\t\t\t\t\t<div class=\"elementor-button-wrapper\">\n\t\t\t\t\t<a class=\"elementor-button elementor-button-link elementor-size-sm\" href=\"https:\/\/kinderpoolcity.com\/nl\/devenez-partenaire\/\">\n\t\t\t\t\t\t<span class=\"elementor-button-content-wrapper\">\n\t\t\t\t\t\t\t\t\t<span class=\"elementor-button-text\">Devenir partenaire<\/span>\n\t\t\t\t\t<\/span>\n\t\t\t\t\t<\/a>\n\t\t\t\t<\/div>\n\t\t\t\t\t\t\t\t<\/div>\n\t\t\t\t<\/div>\n\t\t\t\t<\/div>\n\t\t\t\t\t<\/div>\n\t\t\t\t<\/div>\n\t\t\t\t<\/div>\n\t\t","protected":false},"excerpt":{"rendered":"<p>Soutenez KinderPool City FC Votre soutien nous permet de d\u00e9velopper le club, d&rsquo;am\u00e9liorer nos infrastructures et d&rsquo;offrir un encadrement de qualit\u00e9 \u00e0 nos jeunes joueurs. Faire un don maintenant Votre impact D\u00e9couvrez comment vos dons nous aident \u00e0 atteindre nos objectifs et \u00e0 am\u00e9liorer l&rsquo;exp\u00e9rience de nos jeunes joueurs. Questions fr\u00e9quentes Tout ce que vous [&hellip;]<\/p>\n","protected":false},"author":4,"featured_media":0,"parent":0,"menu_order":0,"comment_status":"closed","ping_status":"closed","template":"","meta":{"give_campaign_id":0,"footnotes":""},"class_list":["post-537","page","type-page","status-publish","hentry"],"campaignId":"","_links":{"self":[{"href":"https:\/\/kinderpoolcity.com\/nl\/wp-json\/wp\/v2\/pages\/537","targetHints":{"allow":["GET"]}}],"collection":[{"href":"https:\/\/kinderpoolcity.com\/nl\/wp-json\/wp\/v2\/pages"}],"about":[{"href":"https:\/\/kinderpoolcity.com\/nl\/wp-json\/wp\/v2\/types\/page"}],"author":[{"embeddable":true,"href":"https:\/\/kinderpoolcity.com\/nl\/wp-json\/wp\/v2\/users\/4"}],"replies":[{"embeddable":true,"href":"https:\/\/kinderpoolcity.com\/nl\/wp-json\/wp\/v2\/comments?post=537"}],"version-history":[{"count":0,"href":"https:\/\/kinderpoolcity.com\/nl\/wp-json\/wp\/v2\/pages\/537\/revisions"}],"wp:attachment":[{"href":"https:\/\/kinderpoolcity.com\/nl\/wp-json\/wp\/v2\/media?parent=537"}],"curies":[{"name":"wp","href":"https:\/\/api.w.org\/{rel}","templated":true}]}}